{"id":718,"date":"2019-08-11T21:44:31","date_gmt":"2019-08-11T19:44:31","guid":{"rendered":"http:\/\/adbinstalacje.pl\/?page_id=718"},"modified":"2019-09-19T19:36:03","modified_gmt":"2019-09-19T17:36:03","slug":"instalacje","status":"publish","type":"page","link":"https:\/\/adbinstalacje.pl\/?page_id=718","title":{"rendered":"O firmie"},"content":{"rendered":"<div id=\"pl-gb718-6a07006b8d1ad\"  class=\"panel-layout\" ><div id=\"pg-gb718-6a07006b8d1ad-0\"  class=\"panel-grid panel-no-style\" ><div id=\"pgc-gb718-6a07006b8d1ad-0-0\"  class=\"panel-grid-cell\" ><div id=\"panel-gb718-6a07006b8d1ad-0-0-0\" class=\"so-panel widget widget_text panel-first-child panel-last-child\" data-index=\"0\" >\t\t\t<div class=\"textwidget\"><p><span style=\"font-family: Montserrat;\"><b><span style=\"font-size: large;\">F<\/span><\/b>irma <span style=\"color: #ff0000;\">ADBInstalacje<\/span> dzia\u0142a na terenie wojew\u00f3dztwa ma\u0142opolskiego i podkarpackiego.\u00a0<\/span><\/p>\n<p><span style=\"font-family: Montserrat;\">Na rynku istniejemy od 2008 r. W ci\u0105gu ponad 10 lat dzia\u0142alno\u015bci zdobyli\u015bmy zaufanie wielu klient\u00f3w oraz zgromadzili\u015bmy spory baga\u017c do\u015bwiadcze\u0144.<br \/>\n<\/span><span style=\"font-family: Montserrat;\">Specjalizujemy si\u0119 w sprzeda\u017cy, instalowaniu oraz serwisowaniu automatyki do wszystkich bram, szlaban\u00f3w oraz system\u00f3w parkingowych.<br \/>\n<\/span><span style=\"font-family: Montserrat;\">Posiadamy kompletn\u0105 ofert\u0119 automatyki najwi\u0119kszych producent\u00f3w.<\/span><\/p>\n<p><span style=\"font-family: Montserrat;\">Instalujemy oraz serwisujemy r\u00f3wnie\u017c domofony, systemy alarmowe oraz monitoring CCTV (kamery).<\/span><\/p>\n<\/div>\n\t\t<\/div><\/div><\/div><div id=\"pg-gb718-6a07006b8d1ad-1\"  class=\"panel-grid panel-no-style\" ><div id=\"pgc-gb718-6a07006b8d1ad-1-0\"  class=\"panel-grid-cell\" ><div id=\"panel-gb718-6a07006b8d1ad-1-0-0\" class=\"so-panel widget widget_themegrill_flash_image tg-widget tg-image-widget panel-first-child panel-last-child\" data-index=\"1\" >\t<img src=\"http:\/\/adbinstalacje.pl\/wp-content\/uploads\/2019\/09\/2019-09-19-0001.jpg\" \/>\n<\/div><\/div><div id=\"pgc-gb718-6a07006b8d1ad-1-1\"  class=\"panel-grid-cell\" ><div id=\"panel-gb718-6a07006b8d1ad-1-1-0\" class=\"so-panel widget widget_themegrill_flash_image tg-widget tg-image-widget panel-first-child panel-last-child\" data-index=\"2\" >\t<img src=\"http:\/\/adbinstalacje.pl\/wp-content\/uploads\/2019\/09\/2019-09-19-0002.jpg\" \/>\n<\/div><\/div><div id=\"pgc-gb718-6a07006b8d1ad-1-2\"  class=\"panel-grid-cell\" ><div id=\"panel-gb718-6a07006b8d1ad-1-2-0\" class=\"so-panel widget widget_themegrill_flash_image tg-widget tg-image-widget panel-first-child panel-last-child\" data-index=\"3\" >\t<img src=\"http:\/\/adbinstalacje.pl\/wp-content\/uploads\/2019\/09\/2019-09-19-0003.jpg\" \/>\n<\/div><\/div><\/div><\/div>","protected":false},"excerpt":{"rendered":"<p>Firma ADBInstalacje dzia\u0142a na terenie wojew\u00f3dztwa ma\u0142opolskiego i podkarpackiego.\u00a0 Na rynku istniejemy od 2008 r. W ci\u0105gu ponad 10 lat [&hellip;]<\/p>\n","protected":false},"author":1,"featured_media":0,"parent":0,"menu_order":0,"comment_status":"closed","ping_status":"closed","template":"","meta":{"ngg_post_thumbnail":0},"_links":{"self":[{"href":"https:\/\/adbinstalacje.pl\/index.php?rest_route=\/wp\/v2\/pages\/718"}],"collection":[{"href":"https:\/\/adbinstalacje.pl\/index.php?rest_route=\/wp\/v2\/pages"}],"about":[{"href":"https:\/\/adbinstalacje.pl\/index.php?rest_route=\/wp\/v2\/types\/page"}],"author":[{"embeddable":true,"href":"https:\/\/adbinstalacje.pl\/index.php?rest_route=\/wp\/v2\/users\/1"}],"replies":[{"embeddable":true,"href":"https:\/\/adbinstalacje.pl\/index.php?rest_route=%2Fwp%2Fv2%2Fcomments&post=718"}],"version-history":[{"count":9,"href":"https:\/\/adbinstalacje.pl\/index.php?rest_route=\/wp\/v2\/pages\/718\/revisions"}],"predecessor-version":[{"id":1313,"href":"https:\/\/adbinstalacje.pl\/index.php?rest_route=\/wp\/v2\/pages\/718\/revisions\/1313"}],"wp:attachment":[{"href":"https:\/\/adbinstalacje.pl\/index.php?rest_route=%2Fwp%2Fv2%2Fmedia&parent=718"}],"curies":[{"name":"wp","href":"https:\/\/api.w.org\/{rel}","templated":true}]}}