{"id":708,"date":"2019-08-11T21:41:56","date_gmt":"2019-08-11T19:41:56","guid":{"rendered":"http:\/\/adbinstalacje.pl\/?page_id=708"},"modified":"2019-08-13T09:45:06","modified_gmt":"2019-08-13T07:45:06","slug":"garazowe","status":"publish","type":"page","link":"https:\/\/adbinstalacje.pl\/?page_id=708","title":{"rendered":"Gara\u017cowe"},"content":{"rendered":"<div id=\"pl-gb708-69f7466ba80d0\"  class=\"panel-layout\" ><div id=\"pg-gb708-69f7466ba80d0-0\"  class=\"panel-grid panel-no-style\" ><div id=\"pgc-gb708-69f7466ba80d0-0-0\"  class=\"panel-grid-cell\" ><div id=\"panel-gb708-69f7466ba80d0-0-0-0\" class=\"so-panel widget widget_text panel-first-child panel-last-child\" data-index=\"0\" >\t\t\t<div class=\"textwidget\"><p align=\"justify\"><span style=\"font-family: Montserrat;\">Przedstawiamy ofert\u0119 popularnych nap\u0119d\u00f3w do bram gara\u017cowych.<br \/>\nWszystkie nap\u0119dy oraz akcesoria s\u0105 w pe\u0142ni oryginalne, pochodz\u0105 od dystrybutor\u00f3w i maj\u0105 pe\u0142n\u0105\u00a0<b>24 miesi\u0119czn\u0105 gwarancje<\/b>.<\/span><\/p>\n<p><span style=\"font-family: Montserrat;\">Segmentowe oraz uchylne bramy gara\u017cowe s\u0105 obs\u0142ugiwane przez ten sam typ nap\u0119d\u00f3w. Si\u0142owniki posiadaj\u0105 szyny w ca\u0142o\u015bci lub w cz\u0119\u015bciach co u\u0142atwia transport. Szyny mog\u0105 by\u0107 z \u0142a\u0144cuchem kt\u00f3re s\u0105 ta\u0144sze ale generuj\u0105 ha\u0142as co w niekt\u00f3rych przypadkach np: gdy na gara\u017cem jest sypialnia mo\u017ce by\u0107 uci\u0105\u017cliwe, oraz w paskiem kewlarowych zbrojonych link\u0105 stalow\u0105 co jest rozwi\u0105zaniem bardzo cichym. Przy instalacji nap\u0119du trzeba zlikwidowa\u0107 zabezpieczenie zamykaj\u0105ce. Niekt\u00f3rzy producenci oferuj\u0105 do swoich zestaw\u00f3w mechanizm odblokowania bramy z zewn\u0105trz. Jest to u\u017cywane w przypadku gdy nie ma dodatkowego wej\u015bcia do gara\u017cu w razie zaniku napi\u0119cia lub awarii.\u00a0<\/span><\/p>\n<p><span style=\"font-family: Montserrat;\"><br \/>\nKa\u017cdy zestaw zawiera:<br \/>\n&#8211; si\u0142ownik<br \/>\n&#8211; szyna z \u0142a\u0144cuchem lub paskiem kewlarowym do wyboru o d\u0142ugo\u015bci 3000 mm<br \/>\n&#8211; radioodbiornik<br \/>\n&#8211; pilota<br \/>\n&#8211; komplet monta\u017cowy<br \/>\n&#8211; gwarancja 24 miesi\u0119czna<\/span><\/p>\n<p><b><span style=\"color: #ff0000; font-family: Montserrat; font-size: medium;\"><br \/>\nUWAGA! Ka\u017cdy zestaw mo\u017cemy zmodyfikowa\u0107 tak aby odpowiada\u0142 Waszym oczekiwaniom, poprzez do\u0142o\u017cenie drugiej pary fotokom\u00f3rek, dodatkowych pilot\u00f3w, lampy sygnalizacyjnej, dodatkowych radioodbiornik\u00f3w s\u0142u\u017c\u0105cych do obs\u0142ugi innych urz\u0105dze\u0144.<\/span><\/b><\/p>\n<\/div>\n\t\t<\/div><\/div><\/div><\/div>","protected":false},"excerpt":{"rendered":"<p>Przedstawiamy ofert\u0119 popularnych nap\u0119d\u00f3w do bram gara\u017cowych. Wszystkie nap\u0119dy oraz akcesoria s\u0105 w pe\u0142ni oryginalne, pochodz\u0105 od dystrybutor\u00f3w i maj\u0105 [&hellip;]<\/p>\n","protected":false},"author":1,"featured_media":0,"parent":0,"menu_order":0,"comment_status":"closed","ping_status":"closed","template":"","meta":{"ngg_post_thumbnail":0},"_links":{"self":[{"href":"https:\/\/adbinstalacje.pl\/index.php?rest_route=\/wp\/v2\/pages\/708"}],"collection":[{"href":"https:\/\/adbinstalacje.pl\/index.php?rest_route=\/wp\/v2\/pages"}],"about":[{"href":"https:\/\/adbinstalacje.pl\/index.php?rest_route=\/wp\/v2\/types\/page"}],"author":[{"embeddable":true,"href":"https:\/\/adbinstalacje.pl\/index.php?rest_route=\/wp\/v2\/users\/1"}],"replies":[{"embeddable":true,"href":"https:\/\/adbinstalacje.pl\/index.php?rest_route=%2Fwp%2Fv2%2Fcomments&post=708"}],"version-history":[{"count":8,"href":"https:\/\/adbinstalacje.pl\/index.php?rest_route=\/wp\/v2\/pages\/708\/revisions"}],"predecessor-version":[{"id":1277,"href":"https:\/\/adbinstalacje.pl\/index.php?rest_route=\/wp\/v2\/pages\/708\/revisions\/1277"}],"wp:attachment":[{"href":"https:\/\/adbinstalacje.pl\/index.php?rest_route=%2Fwp%2Fv2%2Fmedia&parent=708"}],"curies":[{"name":"wp","href":"https:\/\/api.w.org\/{rel}","templated":true}]}}