{"id":584,"date":"2017-01-02T08:28:52","date_gmt":"2017-01-02T08:28:52","guid":{"rendered":"https:\/\/demo.themegrill.com\/flash-default-2\/?page_id=5"},"modified":"2019-09-19T17:45:21","modified_gmt":"2019-09-19T15:45:21","slug":"home","status":"publish","type":"page","link":"https:\/\/adbinstalacje.pl\/","title":{"rendered":"Home"},"content":{"rendered":"<div id=\"pl-584\"  class=\"panel-layout\" ><div id=\"pg-584-0\"  class=\"panel-grid panel-has-style\" ><div class=\"siteorigin-panels-stretch panel-row-style panel-row-style-for-584-0\" data-stretch-type=\"full-stretched\" ><div id=\"pgc-584-0-0\"  class=\"panel-grid-cell\" ><div id=\"panel-584-0-0-0\" class=\"so-panel widget widget_themegrill_flash_image tg-widget tg-image-widget panel-first-child panel-last-child\" data-index=\"0\" >\t<img src=\"http:\/\/adbinstalacje.pl\/wp-content\/uploads\/2019\/08\/coffee-slide-image-1.jpg\" \/>\n<\/div><\/div><\/div><\/div><div id=\"pg-584-1\"  class=\"panel-grid panel-has-style\" ><div class=\"panel-row-style panel-row-style-for-584-1\" ><div id=\"pgc-584-1-0\"  class=\"panel-grid-cell\" ><div id=\"panel-584-1-0-0\" class=\"so-panel widget widget_themegrill_flash_service tg-widget tg-single-service panel-first-child panel-last-child\" data-index=\"1\" >\n<div class=\"tg-service-widget tg-service-layout-1\">\n\t<div class=\"service-wrapper\">\n\t\t<div class=\"service-icon-title-wrapper clearfix\">\n\t\t\t\t\t\t<div class=\"service-icon-wrap\"><i class=\"fa fa-dollar\"><\/i><\/div>\n\t\t\t\t\t\t\t\t\t\t\t\t<h3 class=\"service-title-wrap\">\n\t\t\t\t\t\t\t\t<a href=\"#\">\n\t\t\t\tSPRZEDA\u017b\t\t\t\t\t\t\t\t<\/a>\n\t\t\t\t\t\t\t<\/h3>\n\t\t\t\t\t<\/div>\n\t\t\t\t<div class=\"service-content-wrap\">Sprzeda\u017c automatyki do bram, kamer, system\u00f3w alarmowych, domofon\u00f3w<\/div>\n\t\t\t\t\t\t<a class=\"service-more\" href=\"#\">Zobacz wi\u0119cej<\/a>\n\t\t\t<\/div>\n<\/div>\n<\/div><\/div><div id=\"pgc-584-1-1\"  class=\"panel-grid-cell\" ><div id=\"panel-584-1-1-0\" class=\"so-panel widget widget_themegrill_flash_service tg-widget tg-single-service panel-first-child panel-last-child\" data-index=\"2\" >\n<div class=\"tg-service-widget tg-service-layout-1\">\n\t<div class=\"service-wrapper\">\n\t\t<div class=\"service-icon-title-wrapper clearfix\">\n\t\t\t\t\t\t<div class=\"service-icon-wrap\"><i class=\"fa fa-gavel\"><\/i><\/div>\n\t\t\t\t\t\t\t\t\t\t\t\t<h3 class=\"service-title-wrap\">\n\t\t\t\t\t\t\t\t<a href=\"#\">\n\t\t\t\tMONTA\u017b\t\t\t\t\t\t\t\t<\/a>\n\t\t\t\t\t\t\t<\/h3>\n\t\t\t\t\t<\/div>\n\t\t\t\t<div class=\"service-content-wrap\">Zapewniamy monta\u017c nap\u0119d\u00f3w, kamer, szlaban\u00f3w oraz alarm\u00f3w<\/div>\n\t\t\t\t\t\t<a class=\"service-more\" href=\"#\">Zobacz wi\u0119cej<\/a>\n\t\t\t<\/div>\n<\/div>\n<\/div><\/div><div id=\"pgc-584-1-2\"  class=\"panel-grid-cell\" ><div id=\"panel-584-1-2-0\" class=\"so-panel widget widget_themegrill_flash_service tg-widget tg-single-service panel-first-child panel-last-child\" data-index=\"3\" >\n<div class=\"tg-service-widget tg-service-layout-1\">\n\t<div class=\"service-wrapper\">\n\t\t<div class=\"service-icon-title-wrapper clearfix\">\n\t\t\t\t\t\t<div class=\"service-icon-wrap\"><i class=\"fa fa-chrome\"><\/i><\/div>\n\t\t\t\t\t\t\t\t\t\t\t\t<h3 class=\"service-title-wrap\">\n\t\t\t\t\t\t\t\t<a href=\"#\">\n\t\t\t\tSERWIS\t\t\t\t\t\t\t\t<\/a>\n\t\t\t\t\t\t\t<\/h3>\n\t\t\t\t\t<\/div>\n\t\t\t\t<div class=\"service-content-wrap\">Serwisujemy nap\u0119dy do bram, szlabany, alarmy, kamery <\/div>\n\t\t\t\t\t\t<a class=\"service-more\" href=\"#\">Zobacz wi\u0119cej<\/a>\n\t\t\t<\/div>\n<\/div>\n<\/div><\/div><\/div><\/div><div id=\"pg-584-2\"  class=\"panel-grid panel-has-style\" ><div class=\"panel-row-style panel-row-style-for-584-2\" ><div id=\"pgc-584-2-0\"  class=\"panel-grid-cell\" ><div id=\"panel-584-2-0-0\" class=\"so-panel widget widget_siteorigin-panels-builder panel-first-child panel-last-child\" data-index=\"4\" ><div id=\"pl-w5d83a2916d841\"  class=\"panel-layout\" ><div id=\"pg-w5d83a2916d841-0\"  class=\"panel-grid panel-no-style\" ><div id=\"pgc-w5d83a2916d841-0-0\"  class=\"panel-grid-cell\" ><div id=\"panel-w5d83a2916d841-0-0-0\" class=\"so-panel widget widget_themegrill_flash_heading tg-widget section-title-wrapper panel-first-child panel-last-child\" data-index=\"0\" >\t<h3 class=\"section-title\">Rok za\u0142o\u017cenia 2008<\/h3>\n\t<div class=\"section-description\">Od ponad 10 lat instalujemy oraz serwisujemy<\/div>\n<\/div><\/div><\/div><div id=\"pg-w5d83a2916d841-1\"  class=\"panel-grid panel-no-style\" ><div id=\"pgc-w5d83a2916d841-1-0\"  class=\"panel-grid-cell\" ><div id=\"panel-w5d83a2916d841-1-0-0\" class=\"so-panel widget widget_themegrill_flash_image tg-widget tg-image-widget panel-first-child panel-last-child\" data-index=\"1\" >\t<img src=\"http:\/\/adbinstalacje.pl\/wp-content\/uploads\/2019\/09\/logo_adb_3.jpg\" \/>\n<\/div><\/div><div id=\"pgc-w5d83a2916d841-1-1\"  class=\"panel-grid-cell\" ><div id=\"panel-w5d83a2916d841-1-1-0\" class=\"so-panel widget widget_themegrill_flash_image tg-widget tg-image-widget panel-first-child panel-last-child\" data-index=\"2\" >\t<img src=\"http:\/\/adbinstalacje.pl\/wp-content\/uploads\/2019\/09\/logo_adb_2.jpg\" \/>\n<\/div><\/div><div id=\"pgc-w5d83a2916d841-1-2\"  class=\"panel-grid-cell\" ><div id=\"panel-w5d83a2916d841-1-2-0\" class=\"so-panel widget widget_themegrill_flash_image tg-widget tg-image-widget panel-first-child panel-last-child\" data-index=\"3\" >\t<img src=\"http:\/\/adbinstalacje.pl\/wp-content\/uploads\/2019\/09\/logo_adb_4.jpg\" \/>\n<\/div><\/div><\/div><div id=\"pg-w5d83a2916d841-2\"  class=\"panel-grid panel-no-style\" ><div id=\"pgc-w5d83a2916d841-2-0\"  class=\"panel-grid-cell\" ><div id=\"panel-w5d83a2916d841-2-0-0\" class=\"so-panel widget widget_text panel-first-child panel-last-child\" data-index=\"4\" >\t\t\t<div class=\"textwidget\"><p>&nbsp;<\/p>\n<p>&nbsp;<\/p>\n<\/div>\n\t\t<\/div><\/div><\/div><div id=\"pg-w5d83a2916d841-3\"  class=\"panel-grid panel-no-style\" ><div id=\"pgc-w5d83a2916d841-3-0\"  class=\"panel-grid-cell\" ><div id=\"panel-w5d83a2916d841-3-0-0\" class=\"so-panel widget widget_themegrill_flash_image tg-widget tg-image-widget panel-first-child panel-last-child\" data-index=\"5\" >\t<img src=\"http:\/\/adbinstalacje.pl\/wp-content\/uploads\/2019\/09\/logo_adb_1.jpg\" \/>\n<\/div><\/div><div id=\"pgc-w5d83a2916d841-3-1\"  class=\"panel-grid-cell\" ><div id=\"panel-w5d83a2916d841-3-1-0\" class=\"so-panel widget widget_themegrill_flash_image tg-widget tg-image-widget panel-first-child panel-last-child\" data-index=\"6\" >\t<img src=\"http:\/\/adbinstalacje.pl\/wp-content\/uploads\/2019\/09\/logo_adb_kamery.jpg\" \/>\n<\/div><\/div><div id=\"pgc-w5d83a2916d841-3-2\"  class=\"panel-grid-cell\" ><div id=\"panel-w5d83a2916d841-3-2-0\" class=\"so-panel widget widget_themegrill_flash_image tg-widget tg-image-widget panel-first-child panel-last-child\" data-index=\"7\" >\t<img src=\"http:\/\/adbinstalacje.pl\/wp-content\/uploads\/2019\/09\/logo_adb_alarmy.jpg\" \/>\n<\/div><\/div><\/div><\/div><\/div><\/div><\/div><\/div><div id=\"pg-584-3\"  class=\"panel-grid panel-has-style\" ><div class=\"panel-row-style panel-row-style-for-584-3\" ><div id=\"pgc-584-3-0\"  class=\"panel-grid-cell\" ><div id=\"panel-584-3-0-0\" class=\"so-panel widget widget_themegrill_flash_heading tg-widget section-title-wrapper panel-first-child\" data-index=\"5\" >\t<h3 class=\"section-title\">Autoryzowany dystrybutor firm<\/h3>\n\t<div class=\"section-description\">`<\/div>\n<\/div><div id=\"panel-584-3-0-1\" class=\"so-panel widget widget_themegrill_flash_logo tg-section client-section panel-last-child\" data-index=\"6\" ><div class=\"tg-client-widget\">\n\t<div class=\"client-container swiper-container\">\n\t\t<div class=\"client-wrapper swiper-wrapper\">\n\t\t\t\t\t<div class=\"client-slide swiper-slide\">\n\t\t\t\t<img src=\"http:\/\/adbinstalacje.pl\/wp-content\/uploads\/2019\/09\/faac-1.jpg\" alt=\"Title\" \/>\n\t\t\t<\/div>\n\t\t\t\t\t\t<div class=\"client-slide swiper-slide\">\n\t\t\t\t<img src=\"http:\/\/adbinstalacje.pl\/wp-content\/uploads\/2019\/09\/CAME-1.jpg\" alt=\"Title\" \/>\n\t\t\t<\/div>\n\t\t\t\t\t\t<div class=\"client-slide swiper-slide\">\n\t\t\t\t<img src=\"http:\/\/adbinstalacje.pl\/wp-content\/uploads\/2019\/09\/beninca-1.jpg\" alt=\"Title\" \/>\n\t\t\t<\/div>\n\t\t\t\t\t\t<div class=\"client-slide swiper-slide\">\n\t\t\t\t<img src=\"http:\/\/adbinstalacje.pl\/wp-content\/uploads\/2019\/09\/logo-bft-2.jpg\" alt=\"Title\" \/>\n\t\t\t<\/div>\n\t\t\t\t\t\t<div class=\"client-slide swiper-slide\">\n\t\t\t\t<img src=\"http:\/\/adbinstalacje.pl\/wp-content\/uploads\/2019\/09\/logo-key-2.jpg\" alt=\"Title\" \/>\n\t\t\t<\/div>\n\t\t\t\t\t<\/div>\n\t<\/div>\n<\/div>\n<\/div><\/div><\/div><\/div><\/div>","protected":false},"excerpt":{"rendered":"<p>SPRZEDA\u017b Sprzeda\u017c automatyki do bram, kamer, system\u00f3w alarmowych, domofon\u00f3w Zobacz wi\u0119cej MONTA\u017b Zapewniamy monta\u017c nap\u0119d\u00f3w, kamer, szlaban\u00f3w oraz alarm\u00f3w Zobacz [&hellip;]<\/p>\n","protected":false},"author":1,"featured_media":0,"parent":0,"menu_order":0,"comment_status":"closed","ping_status":"closed","template":"page-templates\/pagebuilder.php","meta":{"ngg_post_thumbnail":0},"_links":{"self":[{"href":"https:\/\/adbinstalacje.pl\/index.php?rest_route=\/wp\/v2\/pages\/584"}],"collection":[{"href":"https:\/\/adbinstalacje.pl\/index.php?rest_route=\/wp\/v2\/pages"}],"about":[{"href":"https:\/\/adbinstalacje.pl\/index.php?rest_route=\/wp\/v2\/types\/page"}],"author":[{"embeddable":true,"href":"https:\/\/adbinstalacje.pl\/index.php?rest_route=\/wp\/v2\/users\/1"}],"replies":[{"embeddable":true,"href":"https:\/\/adbinstalacje.pl\/index.php?rest_route=%2Fwp%2Fv2%2Fcomments&post=584"}],"version-history":[{"count":125,"href":"https:\/\/adbinstalacje.pl\/index.php?rest_route=\/wp\/v2\/pages\/584\/revisions"}],"predecessor-version":[{"id":1308,"href":"https:\/\/adbinstalacje.pl\/index.php?rest_route=\/wp\/v2\/pages\/584\/revisions\/1308"}],"wp:attachment":[{"href":"https:\/\/adbinstalacje.pl\/index.php?rest_route=%2Fwp%2Fv2%2Fmedia&parent=584"}],"curies":[{"name":"wp","href":"https:\/\/api.w.org\/{rel}","templated":true}]}}