{"id":712,"date":"2019-08-11T21:43:39","date_gmt":"2019-08-11T19:43:39","guid":{"rendered":"http:\/\/adbinstalacje.pl\/?page_id=712"},"modified":"2019-09-19T16:53:48","modified_gmt":"2019-09-19T14:53:48","slug":"monitoring-kamery","status":"publish","type":"page","link":"http:\/\/adbinstalacje.pl\/?page_id=712","title":{"rendered":"Monitoring, kamery"},"content":{"rendered":"<div id=\"pl-gb712-69ddf2a2b963b\"  class=\"panel-layout\" ><div id=\"pg-gb712-69ddf2a2b963b-0\"  class=\"panel-grid panel-no-style\" ><div id=\"pgc-gb712-69ddf2a2b963b-0-0\"  class=\"panel-grid-cell\" ><div id=\"panel-gb712-69ddf2a2b963b-0-0-0\" class=\"so-panel widget widget_text panel-first-child panel-last-child\" data-index=\"0\" >\t\t\t<div class=\"textwidget\"><p><span style=\"font-family: Montserrat;\"> S<\/span><span style=\"font-family: Montserrat;\">ystemy telewizji dozorowej CCTV inaczej telewizja przemys\u0142owa, stanowi\u0105 w naszych czasach nieodzown\u0105 cz\u0119\u015b\u0107 naszego \u017cycia. Systemy te s\u0105 szeroko stosowane do 24 h dozoru du\u017cych i ma\u0142ych obiekt\u00f3w nie tylko w firmach czy drogich wie\u017cowcach ale tak\u017ce w naszych domach i sklepach.<\/span><\/p>\n<p><span style=\"font-family: Montserrat;\">CCTV systemy telewizji dozorowej wkradaj\u0105c si\u0119 w nasze \u017cycie daj\u0105 nam mo\u017cliwo\u015b\u0107 kontroli naszej firmy domu . Systemy TV przemys\u0142owej daj\u0105 nam poczucie bezpiecze\u0144stwa , ca\u0142odobowy nadz\u00f3r zdalny z dowolnego miejsca na \u015bwiecie oraz mo\u017cliwo\u015b\u0107 archiwizacji cyfrowej na dyskach HDD .<\/span><\/p>\n<p>&nbsp;<\/p>\n<p><img loading=\"lazy\" class=\"wp-image-1293 aligncenter\" src=\"http:\/\/adbinstalacje.pl\/wp-content\/uploads\/2019\/09\/cctv-271x300.jpg\" alt=\"\" width=\"475\" height=\"526\" srcset=\"http:\/\/adbinstalacje.pl\/wp-content\/uploads\/2019\/09\/cctv-271x300.jpg 271w, http:\/\/adbinstalacje.pl\/wp-content\/uploads\/2019\/09\/cctv.jpg 490w\" sizes=\"(max-width: 475px) 100vw, 475px\" \/><\/p>\n<\/div>\n\t\t<\/div><\/div><\/div><\/div>","protected":false},"excerpt":{"rendered":"<p>Systemy telewizji dozorowej CCTV inaczej telewizja przemys\u0142owa, stanowi\u0105 w naszych czasach nieodzown\u0105 cz\u0119\u015b\u0107 naszego \u017cycia. Systemy te s\u0105 szeroko stosowane [&hellip;]<\/p>\n","protected":false},"author":1,"featured_media":0,"parent":0,"menu_order":0,"comment_status":"closed","ping_status":"closed","template":"","meta":{"ngg_post_thumbnail":0},"_links":{"self":[{"href":"http:\/\/adbinstalacje.pl\/index.php?rest_route=\/wp\/v2\/pages\/712"}],"collection":[{"href":"http:\/\/adbinstalacje.pl\/index.php?rest_route=\/wp\/v2\/pages"}],"about":[{"href":"http:\/\/adbinstalacje.pl\/index.php?rest_route=\/wp\/v2\/types\/page"}],"author":[{"embeddable":true,"href":"http:\/\/adbinstalacje.pl\/index.php?rest_route=\/wp\/v2\/users\/1"}],"replies":[{"embeddable":true,"href":"http:\/\/adbinstalacje.pl\/index.php?rest_route=%2Fwp%2Fv2%2Fcomments&post=712"}],"version-history":[{"count":4,"href":"http:\/\/adbinstalacje.pl\/index.php?rest_route=\/wp\/v2\/pages\/712\/revisions"}],"predecessor-version":[{"id":1295,"href":"http:\/\/adbinstalacje.pl\/index.php?rest_route=\/wp\/v2\/pages\/712\/revisions\/1295"}],"wp:attachment":[{"href":"http:\/\/adbinstalacje.pl\/index.php?rest_route=%2Fwp%2Fv2%2Fmedia&parent=712"}],"curies":[{"name":"wp","href":"https:\/\/api.w.org\/{rel}","templated":true}]}}