{"id":705,"date":"2019-08-11T21:39:46","date_gmt":"2019-08-11T19:39:46","guid":{"rendered":"http:\/\/adbinstalacje.pl\/?page_id=705"},"modified":"2019-09-03T11:19:45","modified_gmt":"2019-09-03T09:19:45","slug":"napedy","status":"publish","type":"page","link":"http:\/\/adbinstalacje.pl\/?page_id=705","title":{"rendered":"Nap\u0119dy"},"content":{"rendered":"<div id=\"pl-gb705-69dec133345e1\"  class=\"panel-layout\" ><div id=\"pg-gb705-69dec133345e1-0\"  class=\"panel-grid panel-no-style\" ><div id=\"pgc-gb705-69dec133345e1-0-0\"  class=\"panel-grid-cell\" ><div id=\"panel-gb705-69dec133345e1-0-0-0\" class=\"so-panel widget widget_text panel-first-child panel-last-child\" data-index=\"0\" >\t\t\t<div class=\"textwidget\"><p align=\"justify\"><span style=\"font-family: Montserrat;\">Oferta firmy zawiera wszelkie us\u0142ugi zwi\u0105zane z automatyzowaniem codziennych prac wykonywanych w domu i jego otoczeniu, firmach, biurach, urz\u0119dach. Wszelkie nasze dzia\u0142ania d\u0105\u017c\u0105 do poprawy standardu i komfortu Pa\u0144stwa \u017cycia, podnosz\u0105 bezpiecze\u0144stwo i pozwalaj\u0105 oszcz\u0119dzi\u0107 czas i pieni\u0105dze.<\/span><\/p>\n<p align=\"center\"><b><span style=\"color: #0000ff; font-family: Montserrat;\">Zajmujemy si\u0119 profesjonalnym monta\u017cem, sprzeda\u017c\u0105 oraz serwisem nap\u0119d\u00f3w.<br \/>\nMontujemy sprzedajemy i serwisujemy wysokiej klasy automaty firm FAAC, BENINCA, CAME, BFT:<\/span><\/b><b><\/b><\/p>\n<p>&nbsp;<\/p>\n<p align=\"center\"><span style=\"font-family: Montserrat;\"><b><span style=\"color: #0000ff;\">Dob\u00f3r optymalnego automatu wykonujemy u klienta, sprawdzamy wywa\u017cenie bramy i wyliczamy wszystkie koszty.<br \/>\nOferujemy atrakcyjne ceny na rynku.<br \/>\nDzia\u0142amy na terenie wojew\u00f3dztw: ma\u0142opolskie, podkarpackie<\/span><\/b><\/span><\/p>\n<p align=\"center\"><span style=\"color: #ff0000; font-family: Montserrat; font-size: medium;\"><b>Na instalowane przez nas urz\u0105dzenia udzielamy 24 &#8211; miesi\u0119cznej gwarancji.<\/b><\/span><\/p>\n<p align=\"center\">\n<p align=\"center\">\n<\/div>\n\t\t<\/div><\/div><\/div><\/div>\n\n<div id=\"pl-gb705-69dec13334d66\"  class=\"panel-layout autoplay=&quot;on&quot;\" ><div id=\"pg-gb705-69dec13334d66-0\"  class=\"panel-grid panel-no-style\" ><div id=\"pgc-gb705-69dec13334d66-0-0\"  class=\"panel-grid-cell\" ><div id=\"panel-gb705-69dec13334d66-0-0-0\" class=\"so-panel widget widget_media_video panel-first-child panel-last-child\" data-index=\"0\" ><div style=\"width:100%;\" class=\"wp-video\"><!--[if lt IE 9]><script>document.createElement('video');<\/script><![endif]-->\n<video class=\"wp-video-shortcode\" id=\"video-705-1\" preload=\"auto\" controls=\"controls\"><source type=\"video\/mp4\" src=\"http:\/\/adbinstalacje.pl\/wp-content\/uploads\/2019\/08\/20150518_142443.mp4?_=1\" \/><source type=\"video\/mp4\" src=\"http:\/\/adbinstalacje.pl\/wp-content\/uploads\/2019\/08\/20150518_142443.mp4?_=1\" \/><a href=\"http:\/\/adbinstalacje.pl\/wp-content\/uploads\/2019\/08\/20150518_142443.mp4\">http:\/\/adbinstalacje.pl\/wp-content\/uploads\/2019\/08\/20150518_142443.mp4<\/a><\/video><\/div><\/div><\/div><\/div><\/div>","protected":false},"excerpt":{"rendered":"<p>Oferta firmy zawiera wszelkie us\u0142ugi zwi\u0105zane z automatyzowaniem codziennych prac wykonywanych w domu i jego otoczeniu, firmach, biurach, urz\u0119dach. Wszelkie [&hellip;]<\/p>\n","protected":false},"author":1,"featured_media":0,"parent":0,"menu_order":0,"comment_status":"closed","ping_status":"closed","template":"","meta":{"ngg_post_thumbnail":0},"_links":{"self":[{"href":"http:\/\/adbinstalacje.pl\/index.php?rest_route=\/wp\/v2\/pages\/705"}],"collection":[{"href":"http:\/\/adbinstalacje.pl\/index.php?rest_route=\/wp\/v2\/pages"}],"about":[{"href":"http:\/\/adbinstalacje.pl\/index.php?rest_route=\/wp\/v2\/types\/page"}],"author":[{"embeddable":true,"href":"http:\/\/adbinstalacje.pl\/index.php?rest_route=\/wp\/v2\/users\/1"}],"replies":[{"embeddable":true,"href":"http:\/\/adbinstalacje.pl\/index.php?rest_route=%2Fwp%2Fv2%2Fcomments&post=705"}],"version-history":[{"count":27,"href":"http:\/\/adbinstalacje.pl\/index.php?rest_route=\/wp\/v2\/pages\/705\/revisions"}],"predecessor-version":[{"id":1090,"href":"http:\/\/adbinstalacje.pl\/index.php?rest_route=\/wp\/v2\/pages\/705\/revisions\/1090"}],"wp:attachment":[{"href":"http:\/\/adbinstalacje.pl\/index.php?rest_route=%2Fwp%2Fv2%2Fmedia&parent=705"}],"curies":[{"name":"wp","href":"https:\/\/api.w.org\/{rel}","templated":true}]}}